{"id":2199,"date":"2023-02-17T11:29:48","date_gmt":"2023-02-17T11:29:48","guid":{"rendered":"https:\/\/turftalents.com\/aficionado\/"},"modified":"2025-01-31T14:38:26","modified_gmt":"2025-01-31T14:38:26","slug":"aficionado","status":"publish","type":"page","link":"https:\/\/turftalents.com\/es\/aficionado\/","title":{"rendered":"Aficionado"},"content":{"rendered":"<p>[et_pb_section fb_built=\u00bb1&#8243; module_class=\u00bbsection-custom-two-columns\u00bb _builder_version=\u00bb4.19.4&#8243; _module_preset=\u00bbdefault\u00bb global_colors_info=\u00bb{}\u00bb][et_pb_row column_structure=\u00bb2_5,3_5&#8243; module_class=\u00bbflex align-items-center flex-wrap-wrap \u00bb _builder_version=\u00bb4.19.4&#8243; _module_preset=\u00bbdefault\u00bb global_colors_info=\u00bb{}\u00bb][et_pb_column type=\u00bb2_5&#8243; _builder_version=\u00bb4.19.4&#8243; _module_preset=\u00bbdefault\u00bb global_colors_info=\u00bb{}\u00bb][et_pb_image src=\u00bbhttps:\/\/turftalents.com\/wp-content\/uploads\/2023\/02\/Group_143.png\u00bb title_text=\u00bbcampo-m\u00f3vil\u00bb src_tablet=\u00bbhttps:\/\/turftalents.com\/wp-content\/uploads\/2023\/03\/field-mobile.png\u00bb src_phone=\u00bbhttps:\/\/turftalents.com\/wp-content\/uploads\/2023\/03\/field-mobile.png\u00bb src_last_edited=\u00bbon|tablet\u00bb admin_label=\u00bbimage field\u00bb module_class=\u00bbmb-3-mobile\u00bb _builder_version=\u00bb4.19.4&#8243; _module_preset=\u00bbdefault\u00bb transform_scale_last_edited=\u00bboff|tablet\u00bb transform_translate_last_edited=\u00bboff|tablet\u00bb transform_rotate_last_edited=\u00bboff|tablet\u00bb transform_skew_last_edited=\u00bboff|tablet\u00bb transform_origin_last_edited=\u00bboff|tablet\u00bb transform_styles_last_edited=\u00bboff|tablet\u00bb width_tablet=\u00bb50%\u00bb width_phone=\u00bb50%\u00bb width_last_edited=\u00bbon|tablet\u00bb module_alignment=\u00bbcenter\u00bb global_colors_info=\u00bb{}\u00bb][\/et_pb_image][\/et_pb_column][et_pb_column type=\u00bb3_5&#8243; _builder_version=\u00bb4.19.4&#8243; _module_preset=\u00bbdefault\u00bb global_colors_info=\u00bb{}\u00bb][et_pb_text admin_label=\u00bbtext\u00bb module_class=\u00bbh2-color-first font-sans-pro h2-size-s\u00bb _builder_version=\u00bb4.20.4&#8243; _module_preset=\u00bbdefault\u00bb header_2_font=\u00bb||||||||\u00bb global_colors_info=\u00bb{}\u00bb]<\/p>\n<h2>La tecnolog\u00eda para campos deportivos m\u00e1s innovadora del mundo<\/h2>\n<p>[\/et_pb_text][et_pb_text _builder_version=\u00bb4.20.4&#8243; _module_preset=\u00bbdefault\u00bb global_colors_info=\u00bb{}\u00bb]<\/p>\n<p><strong>Crear y mantener un campo deportivo exige un enfoque \u00fanico<\/strong><\/p>\n<p>Durante demasiado tiempo, el dise\u00f1o y la construcci\u00f3n est\u00e1ndar y desinformados han dejado los campos desnutridos, infravalorados e infrautilizados, y los gestores de los terrenos han sido incapaces de ofrecer la experiencia que esperan los jugadores. <strong>Nuestra amplia experiencia <\/strong>como gestores y consultores de terrenos permite a TurfTalents colmar las lagunas existentes entre especialistas, proveedores y contratistas con nuestras exclusivas soluciones sostenibles, productos y cuidados posteriores.<\/p>\n<p>Nuestro <strong><em>enfoque hol\u00edstico<\/em><\/strong> garantiza que podemos ayudarte a crear los mejores campos de juego posibles para cualquier nivel de juego. <strong>Representamos y (co)desarrollamos las soluciones de campos deportivos m\u00e1s innovadoras <\/strong>del mundo en Am\u00e9rica. Tanto si tienes un proyecto nuevo, campos existentes o campos que afrontan retos, podemos ayudarte a proporcionar una experiencia de juego de primera utilizando nuestros amplios conocimientos y estas soluciones innovadoras y de confianza.<\/p>\n<p>[\/et_pb_text][\/et_pb_column][\/et_pb_row][\/et_pb_section][et_pb_section fb_built=\u00bb1&#8243; module_class=\u00bbpb-0&#8243; _builder_version=\u00bb4.20.4&#8243; _module_preset=\u00bbdefault\u00bb locked=\u00bboff\u00bb global_colors_info=\u00bb{}\u00bb][et_pb_row module_class=\u00bbpb-0&#8243; _builder_version=\u00bb4.19.4&#8243; _module_preset=\u00bbdefault\u00bb global_colors_info=\u00bb{}\u00bb][et_pb_column type=\u00bb4_4&#8243; _builder_version=\u00bb4.19.4&#8243; _module_preset=\u00bbdefault\u00bb global_colors_info=\u00bb{}\u00bb][et_pb_text admin_label=\u00bb Brands text\u00bb module_class=\u00bbh2-color-first homepage-second-tiltle\u00bb _builder_version=\u00bb4.20.4&#8243; _module_preset=\u00bbdefault\u00bb text_text_color=\u00bb#FFFFFF\u00bb header_2_text_color=\u00bb#005046&#8243; global_colors_info=\u00bb{}\u00bb]<\/p>\n<h2 style=\"text-align: center;\">Nuestros productos en Am\u00e9rica<\/h2>\n<p>[\/et_pb_text][\/et_pb_column][\/et_pb_row][et_pb_row column_structure=\u00bb1_2,1_2&#8243; module_class=\u00bbhomepage-cards-row cards-2-columns flex flex-wrap-wrap row-small\u00bb _builder_version=\u00bb4.20.4&#8243; _module_preset=\u00bbdefault\u00bb locked=\u00bboff\u00bb global_colors_info=\u00bb{}\u00bb][et_pb_column type=\u00bb1_2&#8243; module_class=\u00bbrounded-top flex justify-content-space-between flex-direction-column\u00bb _builder_version=\u00bb4.20.4&#8243; _module_preset=\u00bbdefault\u00bb global_colors_info=\u00bb{}\u00bb][et_pb_blurb image=\u00bbhttps:\/\/turftalents.com\/wp-content\/uploads\/2023\/04\/Hybrid-stiched_logo.webp\u00bb admin_label=\u00bbblurb\u00bb module_class=\u00bbhomepage-card\u00bb _builder_version=\u00bb4.20.4&#8243; _module_preset=\u00bbdefault\u00bb global_colors_info=\u00bb{}\u00bb]<\/p>\n<p>El equilibrio perfecto entre hierba natural y c\u00e9sped artificial. Proporcionando m\u00e1s horas de juego, condiciones m\u00e1s seguras y un rendimiento \u00f3ptimo.<\/p>\n<p>[\/et_pb_blurb][et_pb_text module_class=\u00bbcustom-button custom-button-color-third py-2&#8243; _builder_version=\u00bb4.20.4&#8243; _module_preset=\u00bbdefault\u00bb global_colors_info=\u00bb{}\u00bb]<\/p>\n<p style=\"text-align: center;\"><a href=\"https:\/\/turftalents.com\/amateur\/products\/hybrideturf-com\/\">Leer m\u00e1s<\/a><\/p>\n<p>[\/et_pb_text][\/et_pb_column][et_pb_column type=\u00bb1_2&#8243; module_class=\u00bbrounded-top\u00bb _builder_version=\u00bb4.20.4&#8243; _module_preset=\u00bbdefault\u00bb global_colors_info=\u00bb{}\u00bb][et_pb_blurb image=\u00bbhttps:\/\/turftalents.com\/wp-content\/uploads\/2023\/04\/draintalent_logo.webp\u00bb admin_label=\u00bbblurb\u00bb module_class=\u00bbhomepage-card\u00bb _builder_version=\u00bb4.20.4&#8243; _module_preset=\u00bbdefault\u00bb global_colors_info=\u00bb{}\u00bb]<\/p>\n<p>El galardonado sistema circular de gesti\u00f3n del agua y el suelo, que da como resultado superficies de alta calidad, sin cancelaciones y con un mayor uso. El campo deportivo m\u00e1s sostenible del mundo te ahorra hasta el 100% del consumo de agua.<\/p>\n<p>[\/et_pb_blurb][et_pb_text module_class=\u00bbcustom-button custom-button-color-third py-2&#8243; _builder_version=\u00bb4.20.4&#8243; _module_preset=\u00bbdefault\u00bb global_colors_info=\u00bb{}\u00bb]<\/p>\n<p style=\"text-align: center;\"><a href=\"https:\/\/turftalents.com\/amateur\/products\/draintalent\/\">Leer m\u00e1s<\/a><\/p>\n<p>[\/et_pb_text][\/et_pb_column][\/et_pb_row][\/et_pb_section][et_pb_section fb_built=\u00bb1&#8243; _builder_version=\u00bb4.20.4&#8243; _module_preset=\u00bbdefault\u00bb global_colors_info=\u00bb{}\u00bb][et_pb_row column_structure=\u00bb1_2,1_2&#8243; _builder_version=\u00bb4.20.4&#8243; _module_preset=\u00bbdefault\u00bb global_colors_info=\u00bb{}\u00bb][et_pb_column type=\u00bb1_2&#8243; _builder_version=\u00bb4.19.4&#8243; _module_preset=\u00bbdefault\u00bb global_colors_info=\u00bb{}\u00bb][et_pb_text admin_label=\u00bbtext\u00bb module_class=\u00bbh2-color-first mb-1-mobile\u00bb _builder_version=\u00bb4.20.4&#8243; _module_preset=\u00bbdefault\u00bb global_colors_info=\u00bb{}\u00bb]<\/p>\n<h2>Utilizamos estas tecnolog\u00edas de vanguardia para crear los campos deportivos m\u00e1s incre\u00edbles, de alto rendimiento, rentables y sostenibles.<\/h2>\n<p>[\/et_pb_text][\/et_pb_column][et_pb_column type=\u00bb1_2&#8243; _builder_version=\u00bb4.19.4&#8243; _module_preset=\u00bbdefault\u00bb global_colors_info=\u00bb{}\u00bb][et_pb_text admin_label=\u00bbtext\u00bb module_class=\u00bbtext-color-first text-large\u00bb _builder_version=\u00bb4.20.4&#8243; _module_preset=\u00bbdefault\u00bb global_colors_info=\u00bb{}\u00bb]<\/p>\n<p>Utilizamos estos productos y nuestra experiencia para crear una soluci\u00f3n \u00fanica para ti. Ya necesites m\u00e1s horas de juego, ahorrar agua y otros recursos, optimizar el rendimiento o una combinaci\u00f3n de todo ello.<strong> Es tu campo: \u00a1estamos aqu\u00ed para ayudarte<\/strong>!  <\/p>\n<p>[\/et_pb_text][\/et_pb_column][\/et_pb_row][\/et_pb_section][et_pb_section fb_built=\u00bb1&#8243; module_class=\u00bbproducts-section-two-image py-2&#8243; _builder_version=\u00bb4.20.4&#8243; _module_preset=\u00bbdefault\u00bb background_image=\u00bbhttps:\/\/turftalents.com\/wp-content\/uploads\/2023\/04\/field_grass.webp\u00bb global_module=\u00bb1384&#8243; saved_tabs=\u00bball\u00bb locked=\u00bboff\u00bb global_colors_info=\u00bb{}\u00bb][et_pb_row module_class=\u00bbpb-0&#8243; _builder_version=\u00bb4.20.4&#8243; _module_preset=\u00bbdefault\u00bb global_colors_info=\u00bb{}\u00bb][et_pb_column type=\u00bb4_4&#8243; _builder_version=\u00bb4.19.4&#8243; _module_preset=\u00bbdefault\u00bb global_colors_info=\u00bb{}\u00bb][et_pb_text module_class=\u00bbflex align-items-center  justify-content-center h2-color-white\u00bb _builder_version=\u00bb4.19.4&#8243; _module_preset=\u00bbdefault\u00bb locked=\u00bboff\u00bb global_colors_info=\u00bb{}\u00bb]<\/p>\n<h2>\u00a1Nos encantan todos los campos!<\/h2>\n<p>[\/et_pb_text][\/et_pb_column][\/et_pb_row][et_pb_row column_structure=\u00bb1_5,1_5,1_5,1_5,1_5&#8243; use_custom_gutter=\u00bbon\u00bb gutter_width=\u00bb1&#8243; module_class=\u00bbproduct-section-tree-center-block pb-0 pt-2&#8243; _builder_version=\u00bb4.20.4&#8243; _module_preset=\u00bbdefault\u00bb global_colors_info=\u00bb{}\u00bb][et_pb_column type=\u00bb1_5&#8243; _builder_version=\u00bb4.19.4&#8243; _module_preset=\u00bbdefault\u00bb global_colors_info=\u00bb{}\u00bb][et_pb_image src=\u00bbhttps:\/\/turftalents.com\/wp-content\/uploads\/2023\/02\/Group-136-1.png\u00bb title_text=\u00bbGrupo 136 1&#8243; _builder_version=\u00bb4.19.4&#8243; _module_preset=\u00bbdefault\u00bb global_colors_info=\u00bb{}\u00bb][\/et_pb_image][\/et_pb_column][et_pb_column type=\u00bb1_5&#8243; _builder_version=\u00bb4.19.4&#8243; _module_preset=\u00bbdefault\u00bb global_colors_info=\u00bb{}\u00bb][et_pb_image src=\u00bbhttps:\/\/turftalents.com\/wp-content\/uploads\/2023\/02\/Group-136-2.png\u00bb title_text=\u00bbGrupo 136 2&#8243; _builder_version=\u00bb4.19.4&#8243; _module_preset=\u00bbdefault\u00bb global_colors_info=\u00bb{}\u00bb][\/et_pb_image][\/et_pb_column][et_pb_column type=\u00bb1_5&#8243; _builder_version=\u00bb4.19.4&#8243; _module_preset=\u00bbdefault\u00bb global_colors_info=\u00bb{}\u00bb][et_pb_image src=\u00bbhttps:\/\/turftalents.com\/wp-content\/uploads\/2023\/02\/Group-136-3.png\u00bb title_text=\u00bbGrupo 136 3&#8243; _builder_version=\u00bb4.19.4&#8243; _module_preset=\u00bbdefault\u00bb global_colors_info=\u00bb{}\u00bb][\/et_pb_image][\/et_pb_column][et_pb_column type=\u00bb1_5&#8243; _builder_version=\u00bb4.19.4&#8243; _module_preset=\u00bbdefault\u00bb global_colors_info=\u00bb{}\u00bb][et_pb_image src=\u00bbhttps:\/\/turftalents.com\/wp-content\/uploads\/2023\/02\/Group-136-4.png\u00bb title_text=\u00bbGrupo 136 4&#8243; _builder_version=\u00bb4.19.4&#8243; _module_preset=\u00bbdefault\u00bb global_colors_info=\u00bb{}\u00bb][\/et_pb_image][\/et_pb_column][et_pb_column type=\u00bb1_5&#8243; _builder_version=\u00bb4.19.4&#8243; _module_preset=\u00bbdefault\u00bb global_colors_info=\u00bb{}\u00bb][et_pb_image src=\u00bbhttps:\/\/turftalents.com\/wp-content\/uploads\/2023\/02\/Group-136-5.png\u00bb title_text=\u00bbGrupo 136 5&#8243; _builder_version=\u00bb4.19.4&#8243; _module_preset=\u00bbdefault\u00bb global_colors_info=\u00bb{}\u00bb][\/et_pb_image][\/et_pb_column][\/et_pb_row][et_pb_row module_class=\u00bbproduct-section-tree-last-block pt-2&#8243; _builder_version=\u00bb4.20.4&#8243; _module_preset=\u00bbdefault\u00bb global_colors_info=\u00bb{}\u00bb][et_pb_column type=\u00bb4_4&#8243; _builder_version=\u00bb4.19.4&#8243; _module_preset=\u00bbdefault\u00bb global_colors_info=\u00bb{}\u00bb][et_pb_text module_class=\u00bbcustom-button custom-button-color-third flex justify-content-center\u00bb _builder_version=\u00bb4.20.4&#8243; _module_preset=\u00bbdefault\u00bb locked=\u00bboff\u00bb global_colors_info=\u00bb{}\u00bb]<\/p>\n<p><a href=\"https:\/\/turftalents.com\/amateur\/contact\/\">Reserva una consulta gratuita<\/a><\/p>\n<p>[\/et_pb_text][\/et_pb_column][\/et_pb_row][\/et_pb_section][et_pb_section fb_built=\u00bb1&#8243; disabled_on=\u00bbon|on|on\u00bb module_class=\u00bbbg-color-third\u00bb _builder_version=\u00bb4.19.4&#8243; _module_preset=\u00bbdefault\u00bb disabled=\u00bbon\u00bb locked=\u00bboff\u00bb global_colors_info=\u00bb{}\u00bb][et_pb_row column_structure=\u00bb1_2,1_2&#8243; module_class=\u00bbflex  align-items-center flex-wrap-wrap\u00bb _builder_version=\u00bb4.19.4&#8243; _module_preset=\u00bbdefault\u00bb global_colors_info=\u00bb{}\u00bb][et_pb_column type=\u00bb1_2&#8243; _builder_version=\u00bb4.19.4&#8243; _module_preset=\u00bbdefault\u00bb global_colors_info=\u00bb{}\u00bb][et_pb_image src=\u00bbhttps:\/\/turftalents.com\/wp-content\/uploads\/2023\/02\/Group_142.png\u00bb title_text=\u00bbGrupo_142&#8243; admin_label=\u00bbimage field\u00bb module_class=\u00bbmb-2-mobile\u00bb _builder_version=\u00bb4.19.4&#8243; _module_preset=\u00bbdefault\u00bb global_colors_info=\u00bb{}\u00bb][\/et_pb_image][\/et_pb_column][et_pb_column type=\u00bb1_2&#8243; _builder_version=\u00bb4.19.4&#8243; _module_preset=\u00bbdefault\u00bb global_colors_info=\u00bb{}\u00bb][et_pb_text admin_label=\u00bbEric Ten Hag\u00bb module_class=\u00bbh2-color-white\u00bb _builder_version=\u00bb4.19.4&#8243; _module_preset=\u00bbdefault\u00bb global_colors_info=\u00bb{}\u00bb]<\/p>\n<h2>Eric Ten Hag; Puedo calificar a TurfTalents como uno de los mejores expertos en c\u00e9sped.<\/h2>\n<p>[\/et_pb_text][et_pb_text module_class=\u00bbtext-color-white  \u00bb _builder_version=\u00bb4.19.4&#8243; _module_preset=\u00bbdefault\u00bb global_colors_info=\u00bb{}\u00bb]<\/p>\n<p><em>Para un entrenador de voleibol, la experiencia en el campo (\u00a1en el estadio y en el centro deportivo!) es uno de los factores m\u00e1s importantes para tener \u00e9xito. Met GrasMeesters als verantwoordelijke voor de pitches krijg je een ge\u00efnspireerde experts die volledig bewust zijn van dat feit. \u00a1Het team is toegewijd en zijn harde werkers! Je kunt er volledig op vertrouwen en je krijgt de best mogelijke velden!\u00bb<\/em><\/p>\n<p>[\/et_pb_text][et_pb_text module_class=\u00bbtext-color-white mb-0&#8243; _builder_version=\u00bb4.19.4&#8243; _module_preset=\u00bbdefault\u00bb global_colors_info=\u00bb{}\u00bb]<\/p>\n<p><em>Erik ten Hag<\/em><\/p>\n<p>[\/et_pb_text][et_pb_text module_class=\u00bbtext-color-white\u00bb _builder_version=\u00bb4.19.4&#8243; _module_preset=\u00bbdefault\u00bb global_colors_info=\u00bb{}\u00bb]<\/p>\n<p><em>Entrenador de cascos Manchester United<\/em><\/p>\n<p>[\/et_pb_text][\/et_pb_column][\/et_pb_row][\/et_pb_section][et_pb_section fb_built=\u00bb1&#8243; module_class=\u00bbmt-0 pt-0 pb-0&#8243; _builder_version=\u00bb4.19.4&#8243; _module_preset=\u00bbdefault\u00bb global_module=\u00bb1447&#8243; saved_tabs=\u00bball\u00bb locked=\u00bboff\u00bb global_colors_info=\u00bb{}\u00bb][et_pb_row module_class=\u00bbhomepage-last-row flex align-items-center\u00bb _builder_version=\u00bb4.20.4&#8243; _module_preset=\u00bbdefault\u00bb use_background_color_gradient=\u00bbon\u00bb background_color_gradient_stops=\u00bbrgba(0,80,70,0.5) 1%|rgba(0,80,70,0.5) 100%\u00bb background_color_gradient_overlays_image=\u00bbon\u00bb background_image=\u00bbhttps:\/\/turftalents.com\/wp-content\/uploads\/2023\/04\/sport-youth.webp\u00bb global_colors_info=\u00bb{}\u00bb][et_pb_column type=\u00bb4_4&#8243; _builder_version=\u00bb4.19.4&#8243; _module_preset=\u00bbdefault\u00bb global_colors_info=\u00bb{}\u00bb][et_pb_text admin_label=\u00bbLet&#8217;s make it happen!\u00bb module_class=\u00bbh2-color-white\u00bb _builder_version=\u00bb4.20.4&#8243; _module_preset=\u00bbdefault\u00bb global_colors_info=\u00bb{}\u00bb]<\/p>\n<h2 style=\"text-align: center;\">\u00a1Hag\u00e1moslo realidad!<\/h2>\n<p>[\/et_pb_text][et_pb_text module_class=\u00bbtext-color-white p-size-l\u00bb _builder_version=\u00bb4.20.4&#8243; _module_preset=\u00bbdefault\u00bb global_colors_info=\u00bb{}\u00bb]<\/p>\n<p style=\"text-align: center;\">Turf Talents es el elemento que une todos los aspectos de tu proyecto de gesti\u00f3n del c\u00e9sped.<\/p>\n<p>[\/et_pb_text][et_pb_text module_class=\u00bbcustom-button custom-button-color-third py-2&#8243; _builder_version=\u00bb4.20.4&#8243; _module_preset=\u00bbdefault\u00bb global_colors_info=\u00bb{}\u00bb]<\/p>\n<p style=\"text-align: center;\"><a href=\"https:\/\/turftalents.com\/amateur\/contact\/\">Reserva una consulta gratuita<\/a><\/p>\n<p>[\/et_pb_text][\/et_pb_column][\/et_pb_row][\/et_pb_section]<\/p>\n","protected":false},"excerpt":{"rendered":"<p>La tecnolog\u00eda para campos deportivos m\u00e1s innovadora del mundoCrear y mantener un campo deportivo exige un enfoque \u00fanico Durante demasiado tiempo, el dise\u00f1o y la construcci\u00f3n est\u00e1ndar y desinformados han dejado los campos desnutridos, infravalorados e infrautilizados, y los gestores de los terrenos han sido incapaces de ofrecer la experiencia que esperan los jugadores. Nuestra [&hellip;]<\/p>\n","protected":false},"author":2,"featured_media":0,"parent":0,"menu_order":0,"comment_status":"closed","ping_status":"closed","template":"","meta":{"_acf_changed":false,"_et_pb_use_builder":"on","_et_pb_old_content":"","_et_gb_content_width":"","content-type":"","inline_featured_image":false,"footnotes":""},"class_list":["post-2199","page","type-page","status-publish","hentry"],"acf":[],"_links":{"self":[{"href":"https:\/\/turftalents.com\/es\/wp-json\/wp\/v2\/pages\/2199","targetHints":{"allow":["GET"]}}],"collection":[{"href":"https:\/\/turftalents.com\/es\/wp-json\/wp\/v2\/pages"}],"about":[{"href":"https:\/\/turftalents.com\/es\/wp-json\/wp\/v2\/types\/page"}],"author":[{"embeddable":true,"href":"https:\/\/turftalents.com\/es\/wp-json\/wp\/v2\/users\/2"}],"replies":[{"embeddable":true,"href":"https:\/\/turftalents.com\/es\/wp-json\/wp\/v2\/comments?post=2199"}],"version-history":[{"count":0,"href":"https:\/\/turftalents.com\/es\/wp-json\/wp\/v2\/pages\/2199\/revisions"}],"wp:attachment":[{"href":"https:\/\/turftalents.com\/es\/wp-json\/wp\/v2\/media?parent=2199"}],"curies":[{"name":"wp","href":"https:\/\/api.w.org\/{rel}","templated":true}]}}